{"id":413,"date":"2013-11-08T09:04:50","date_gmt":"2013-11-08T07:04:50","guid":{"rendered":"http:\/\/paschu.com\/wordpress\/?page_id=413"},"modified":"2015-03-17T19:54:15","modified_gmt":"2015-03-17T17:54:15","slug":"referenzen","status":"publish","type":"page","link":"https:\/\/paschu.com\/wordpress\/referenzen\/","title":{"rendered":"Referenzen"},"content":{"rendered":"<table style=\"height: 2453px;\" border=\"0\" width=\"587\" cellspacing=\"0\" cellpadding=\"5\">\n<colgroup>\n<col width=\"197\" \/>\n<col width=\"116\" \/>\n<col width=\"331\" \/> <\/colgroup>\n<tbody>\n<tr>\n<td colspan=\"3\" valign=\"TOP\" width=\"664\">\n<h3><strong>Habitation \/ particuliers\u00a0:<\/strong><\/h3>\n<\/td>\n<\/tr>\n<tr valign=\"TOP\">\n<td width=\"197\">12 \/ 2003<\/td>\n<td width=\"116\">L &#8211; Oberkorn \/Differdange<\/td>\n<td width=\"331\">Travaux d\u2019assainissementd\u2019un immeuble d\u2019habitation \u00e0 11 appartements<\/td>\n<\/tr>\n<tr valign=\"TOP\">\n<td width=\"197\">09 \/ 2004<\/td>\n<td width=\"116\">L &#8211; Luxembourg \/ Belair<\/td>\n<td width=\"331\">Transformation d\u2019un immeuble des bureaux l\u2019usage d\u2019habitation\u00a0: 7 appartements, 2 studios<\/td>\n<\/tr>\n<tr valign=\"TOP\">\n<td width=\"197\">11 \/ 2004<\/td>\n<td width=\"116\">D &#8211; Konz \/ K\u00f6nen<\/td>\n<td width=\"331\">Nouvelle construction\u00a0: maison unifamiliale<\/td>\n<\/tr>\n<tr valign=\"TOP\">\n<td width=\"197\">03 \/ 2005<\/td>\n<td width=\"116\">L &#8211; Bertrange<\/td>\n<td width=\"331\">R\u00e9novation d\u2019une maison unifamiliale<\/td>\n<\/tr>\n<tr valign=\"TOP\">\n<td width=\"197\">04 \/ 2005<\/td>\n<td width=\"116\">L &#8211; Betzdorf<\/td>\n<td width=\"331\">R\u00e9novation, r\u00e9am\u00e9nagement de l\u2019alentours +nouvelle piscine couverte annex\u00e9e<\/td>\n<\/tr>\n<tr valign=\"TOP\">\n<td width=\"197\">07 \/ 2005<\/td>\n<td width=\"116\">L \u2013 Schlindermand<\/td>\n<td width=\"331\">Transformation d\u2019une ancienne grange<\/td>\n<\/tr>\n<tr valign=\"TOP\">\n<td width=\"197\">09 \/ 2005<\/td>\n<td width=\"116\">L &#8211; Bourglinster<\/td>\n<td width=\"331\">Extension et transformation d\u2019une maison bi-familiale<\/td>\n<\/tr>\n<tr valign=\"TOP\">\n<td width=\"197\">09 \/ 2005<\/td>\n<td width=\"116\">D &#8211; Serrig<\/td>\n<td width=\"331\">Nouvelle construction\u00a0: maison unifamiliale<\/td>\n<\/tr>\n<tr valign=\"TOP\">\n<td width=\"197\">11 \/ 2005<\/td>\n<td width=\"116\">L &#8211; Grevenmacher<\/td>\n<td width=\"331\">Extension d\u2019un immeuble d\u2019habitation<\/td>\n<\/tr>\n<tr valign=\"TOP\">\n<td width=\"197\">12 \/ 2005<\/td>\n<td width=\"116\">D &#8211; Nennig<\/td>\n<td width=\"331\">Transformation d\u2019une ancienne gare \u00e0 l\u2019usage d\u2019habitation<\/td>\n<\/tr>\n<tr valign=\"TOP\">\n<td width=\"197\">07 \/ 2006<\/td>\n<td width=\"116\">L \u2013 Kayl<\/td>\n<td width=\"331\">Nouvelle construction\u00a0: maison unifamiliale<\/td>\n<\/tr>\n<tr valign=\"TOP\">\n<td width=\"197\">11 \/ 2007<\/td>\n<td width=\"116\">L \u2013 Esch-sur-Alzette<\/td>\n<td width=\"331\">R\u00e9novation \/ assainissement d\u2019une maison de ma\u00eetre<\/td>\n<\/tr>\n<tr valign=\"TOP\">\n<td width=\"197\">04 \/ 2008<\/td>\n<td width=\"116\">F \u2013 Le Thoronet<\/td>\n<td width=\"331\">Conception et autorisations pour r\u00e9sidence secondaire<\/td>\n<\/tr>\n<tr valign=\"TOP\">\n<td width=\"197\">10 \/ 2008<\/td>\n<td width=\"116\">L \u2013 Junglinster<\/td>\n<td width=\"331\">Construction d\u2019une maison unifamiliale<\/td>\n<\/tr>\n<tr valign=\"TOP\">\n<td width=\"197\">04 \/ 2009<\/td>\n<td width=\"116\">L \u2013 Luxembourg<\/td>\n<td width=\"331\">Conception et autorisations pour immeuble r\u00e9sidentiel<\/td>\n<\/tr>\n<tr valign=\"TOP\">\n<td width=\"197\">10 \/ 2009<\/td>\n<td width=\"116\">L \u2013 Mertert<\/td>\n<td width=\"331\">Conception et autorisations pour immeuble r\u00e9sidentiel B\/B\/B<\/td>\n<\/tr>\n<tr valign=\"TOP\">\n<td width=\"197\">11 \/ 2009<\/td>\n<td width=\"116\">D \u2013 Spangdahlem<\/td>\n<td width=\"331\">R\u00e9novation \/ assainissement d\u2019une maison unifamiliale<span style=\"line-height: 19px;\">\u00a0<\/span><\/td>\n<\/tr>\n<tr valign=\"TOP\">\n<td width=\"197\">08 \/2010<\/td>\n<td width=\"116\">D \u2013 Cologne (K\u00f6ln)<\/td>\n<td width=\"331\">Conception et conseils pour extension immeuble r\u00e9sidentiel pour promoteur public\u00a0: \u00ab\u00a0corpus sireo \/ cologne\u00a0\u00bb<\/td>\n<\/tr>\n<tr valign=\"TOP\">\n<td width=\"197\">12 \/ 2010<\/td>\n<td width=\"116\">L &#8211; Luxembourg<\/td>\n<td width=\"331\">R\u00e9novation \/ assainissement d\u2019une maison de ville C\/C\/C<span style=\"line-height: 19px;\">\u00a0<\/span><\/td>\n<\/tr>\n<tr valign=\"TOP\">\n<td width=\"197\">07 \/ 2011<\/td>\n<td width=\"116\">L \u2013 Hassel<\/td>\n<td width=\"331\">Construction d\u2019une maison bi-familiale B\/B\/B<\/td>\n<\/tr>\n<tr valign=\"TOP\">\n<td width=\"197\">07 \/ 2011<\/td>\n<td width=\"116\">D \u2013 Cologne (K\u00f6ln)<\/td>\n<td width=\"331\">Conseils pour promoteur public \/ immeuble r\u00e9sidentiel<\/td>\n<\/tr>\n<tr valign=\"TOP\">\n<td width=\"197\">01 \/ 2012<\/td>\n<td width=\"116\">D &#8211; Kayl<\/td>\n<td width=\"331\">Conception \/ autorisation pour immeuble r\u00e9sidentiel (A\/A\/A)<\/td>\n<\/tr>\n<tr valign=\"TOP\">\n<td width=\"197\">04 \/ 2012<\/td>\n<td width=\"116\">D \u2013 Konz<\/td>\n<td width=\"331\">Conception et autorisations pour immeubles r\u00e9sidentiels<span style=\"line-height: 19px;\">\u00a0<\/span><\/td>\n<\/tr>\n<tr valign=\"TOP\">\n<td width=\"197\">10 \/ 2012<\/td>\n<td width=\"116\">L \u2013 Garnich<\/td>\n<td width=\"331\">Construction d\u2019une maison unifamiliale (classe B\/B\/B)<\/td>\n<\/tr>\n<tr valign=\"TOP\">\n<td width=\"197\">11 \/ 2012<\/td>\n<td width=\"116\">L \u2013 Eisenborn<\/td>\n<td width=\"331\">Maison priv\u00e9e+ commerciale (classe A\/A\/A, \u00e9nergie nulle)<\/td>\n<\/tr>\n<tr valign=\"TOP\">\n<td width=\"197\">05 \/ 2015<\/td>\n<td width=\"116\">D &#8211; Konz<\/td>\n<td width=\"331\">Assainissement \u00e9nerg\u00e9tique d\u2019une maison de ville<\/td>\n<\/tr>\n<tr valign=\"TOP\">\n<td width=\"197\">05 \/ 2014<\/td>\n<td width=\"116\">L \u2013 Luxembourg<\/td>\n<td width=\"331\">Assainissement \u00e9nerg\u00e9tique d\u2019une maison de ville<\/td>\n<\/tr>\n<tr valign=\"TOP\">\n<td width=\"197\">02\u00a0\/ 2013<\/td>\n<td width=\"116\">L \u2013 Brouch \/ Attert<\/td>\n<td width=\"331\">Construction d\u2019une maison unifamiliale (classe B\/B\/B)<\/td>\n<\/tr>\n<tr valign=\"TOP\">\n<td width=\"197\"><\/td>\n<td width=\"116\"><\/td>\n<td width=\"331\"><\/td>\n<\/tr>\n<tr>\n<td colspan=\"3\" valign=\"TOP\" width=\"664\">\n<h3><strong>Commerces \/ P.M.E.\u00a0:<\/strong><\/h3>\n<\/td>\n<\/tr>\n<tr valign=\"TOP\">\n<td width=\"197\">\u00e9tude de faisabilit\u00e9\u00a0: 03 \/ 2003<\/td>\n<td width=\"116\">L &#8211; Luxembourg \/Centre<\/td>\n<td width=\"331\">transformation et r\u00e9novation d\u2019un immeuble administratif (si\u00e8ge social IKANO S. A.)<\/td>\n<\/tr>\n<tr valign=\"TOP\">\n<td width=\"197\">avant-projet\u00a0: 02 \/ 2004<\/td>\n<td width=\"116\">L &#8211; Differdange<\/td>\n<td width=\"331\">transformation, r\u00e9am\u00e9nagementet mise en \u00e9tat d\u2019un immeuble administratif<\/td>\n<\/tr>\n<tr valign=\"TOP\">\n<td width=\"197\">09 \/ 2004<\/td>\n<td width=\"116\">L &#8211; Grevenmacher<\/td>\n<td width=\"331\">transformation et r\u00e9novation d\u2019une boutique de v\u00eatements<\/td>\n<\/tr>\n<tr valign=\"TOP\">\n<td width=\"197\">04 \/ 2005<\/td>\n<td width=\"116\">L &#8211; Luxembourg<\/td>\n<td width=\"331\">transformation et r\u00e9novation d\u2019une boutique de v\u00eatements<\/td>\n<\/tr>\n<tr valign=\"TOP\">\n<td width=\"197\">06 \/ 2005<\/td>\n<td width=\"116\">L &#8211; Niederanven \/z. i. Bombicht<\/td>\n<td width=\"331\">salle d\u2019exposition d\u2019une entreprise d\u2019installation sanitaire,conception et design de l\u2019int\u00e9rieur, FLACH S.A.<\/td>\n<\/tr>\n<tr valign=\"TOP\">\n<td width=\"197\">07 \/ 2005<\/p>\n<p>03 \/ 2006<\/p>\n<p>02 \/ 2007<\/p>\n<p>10 \/ 2011<\/td>\n<td width=\"116\">L \u2013 Echternach<\/p>\n<p>D \u2013 Longuich<\/p>\n<p>L \u2013 Luxembourg<\/p>\n<p>L \u2013 Junglinster<\/td>\n<td width=\"331\">boutique de v\u00eatements<\/p>\n<p>showroom BRAND Ladenbau GmbH<\/p>\n<p>relooking d\u2019un immeuble r\u00e9sidentiel<\/p>\n<p>conception et autorisations pour maison m\u00e9dicale<\/td>\n<\/tr>\n<tr valign=\"TOP\">\n<td width=\"197\">02 \u2013 05 \/ 2013<\/td>\n<td width=\"116\">L \u2013 BertrangeCactus Belle Etoile II<\/td>\n<td width=\"331\">conception &amp; ex\u00e9cution d\u2019un magasin (maroquinerie) dans le cadre de l\u2019extension \/ aile sud<\/td>\n<\/tr>\n<tr valign=\"TOP\">\n<td width=\"197\"><\/td>\n<td width=\"116\"><\/td>\n<td width=\"331\"><\/td>\n<\/tr>\n<tr>\n<td colspan=\"3\" valign=\"TOP\" width=\"664\">\n<h3><strong>Grands projets\u00a0d\u00e9passants le budget de 5 mio. d\u2019Euros\u00a0:<\/strong><\/h3>\n<\/td>\n<\/tr>\n<tr valign=\"TOP\">\n<td width=\"197\"><\/td>\n<td width=\"116\"><\/td>\n<td width=\"331\"><\/td>\n<\/tr>\n<tr valign=\"TOP\">\n<td width=\"197\">ach\u00e8vement\u00a0: 04 \/ 2002<\/td>\n<td width=\"116\">L &#8211; Luxembourg \/Centre<\/td>\n<td width=\"331\">transformation et extension d\u2019un immeuble bancaire (BGL)\u00a0: collaboration \u00e0 toutes phases d\u2019op\u00e9rations 1-7, en tant qu\u2019employ\u00e9 dans \u00ab\u00a0l\u2019atelier d\u2019Architecture et de Design Jim CLEMES\u00a0\u00bb, L &#8211; Esch-sur-Alzette<\/td>\n<\/tr>\n<tr valign=\"TOP\">\n<td width=\"197\">05 &#8211; 09 \/ 2002<\/td>\n<td width=\"116\">L \u2013 Mamer \/\u00a0Koenigsbund<\/td>\n<td width=\"331\">centre scolaire et culturel, collaboration \u00e0 la conception en tant qu\u2019employ\u00e9 dans \u00ab\u00a0l\u2019atelier d\u2019Architecture et de Design Jim CLEMES\u00a0\u00bb, L &#8211; Esch-sur-Alzette<\/td>\n<\/tr>\n<tr valign=\"TOP\">\n<td width=\"197\">ach\u00e8vement\u00a0: 10 \/ 2004<\/td>\n<td width=\"116\">D &#8211; K\u00f6rperich \/(Eifel, Bitburg)<\/td>\n<td width=\"331\">construction nouvelle d&#8217;une maison de retraite pour des personnes \u00e2g\u00e9es: 34 appartements, collaboration \u00e0 la phase d\u2019op\u00e9ration 6 d\u2019architecte (surveillance de l\u2019ex\u00e9cution) pour \u00ab\u00a0schuh+weyer architekten\u00a0\u00bb,\u00a0D-Schweich, et le bureau d\u2019architecture: \u00ab\u00a0Walter von Lom+Partner\u00a0\u00bb, D &#8211; Cologne<\/td>\n<\/tr>\n<tr valign=\"TOP\">\n<td width=\"197\"><\/td>\n<td width=\"116\"><\/td>\n<td width=\"331\"><\/td>\n<\/tr>\n<tr valign=\"TOP\">\n<td width=\"197\">\n<h3><strong>Concours\u00a0:<\/strong><\/h3>\n<\/td>\n<td width=\"116\"><\/td>\n<td width=\"331\"><\/td>\n<\/tr>\n<tr valign=\"TOP\">\n<td width=\"197\">08 \/ 2003<\/td>\n<td width=\"116\">L &#8211; Esch-sur-Alzette \/Belval<\/td>\n<td width=\"331\">Pavillon d\u2019information de la Cit\u00e9 des Sciences, de la Recherche et de l\u2019Innovation \u00e0 Belval-Ouest<\/td>\n<\/tr>\n<tr valign=\"TOP\">\n<td width=\"197\"><\/td>\n<td width=\"116\"><\/td>\n<td width=\"331\"><\/td>\n<\/tr>\n<\/tbody>\n<\/table>\n","protected":false},"excerpt":{"rendered":"<p>Habitation \/ particuliers\u00a0: 12 \/ 2003 L &#8211; Oberkorn \/Differdange Travaux d\u2019assainissementd\u2019un immeuble d\u2019habitation \u00e0 11 appartements 09 \/ 2004 L &#8211; Luxembourg \/ Belair Transformation d\u2019un immeuble des bureaux l\u2019usage d\u2019habitation\u00a0: 7 appartements, 2 studios 11 \/ 2004 D &#8211; Konz \/ K\u00f6nen Nouvelle construction\u00a0: maison unifamiliale 03 \/ 2005 L &#8211; Bertrange R\u00e9novation &hellip; <\/p>\n<p class=\"link-more\"><a href=\"https:\/\/paschu.com\/wordpress\/referenzen\/\" class=\"more-link\"><span class=\"screen-reader-text\">\u201eReferenzen\u201c<\/span> weiterlesen<\/a><\/p>\n","protected":false},"author":1,"featured_media":0,"parent":0,"menu_order":3,"comment_status":"closed","ping_status":"closed","template":"","meta":{"footnotes":""},"class_list":["post-413","page","type-page","status-publish","hentry"],"_links":{"self":[{"href":"https:\/\/paschu.com\/wordpress\/wp-json\/wp\/v2\/pages\/413","targetHints":{"allow":["GET"]}}],"collection":[{"href":"https:\/\/paschu.com\/wordpress\/wp-json\/wp\/v2\/pages"}],"about":[{"href":"https:\/\/paschu.com\/wordpress\/wp-json\/wp\/v2\/types\/page"}],"author":[{"embeddable":true,"href":"https:\/\/paschu.com\/wordpress\/wp-json\/wp\/v2\/users\/1"}],"replies":[{"embeddable":true,"href":"https:\/\/paschu.com\/wordpress\/wp-json\/wp\/v2\/comments?post=413"}],"version-history":[{"count":23,"href":"https:\/\/paschu.com\/wordpress\/wp-json\/wp\/v2\/pages\/413\/revisions"}],"predecessor-version":[{"id":918,"href":"https:\/\/paschu.com\/wordpress\/wp-json\/wp\/v2\/pages\/413\/revisions\/918"}],"wp:attachment":[{"href":"https:\/\/paschu.com\/wordpress\/wp-json\/wp\/v2\/media?parent=413"}],"curies":[{"name":"wp","href":"https:\/\/api.w.org\/{rel}","templated":true}]}}