{"id":153,"date":"2013-10-19T11:58:36","date_gmt":"2013-10-19T09:58:36","guid":{"rendered":"http:\/\/paschu.com\/wordpress\/?page_id=153"},"modified":"2014-01-31T09:43:10","modified_gmt":"2014-01-31T07:43:10","slug":"leistungen","status":"publish","type":"page","link":"https:\/\/paschu.com\/wordpress\/leistungen\/","title":{"rendered":"Leistungen"},"content":{"rendered":"<h1>Bau \/ Architektur<\/h1>\n<ul>\n<li>Neubau : Wohnungs- und Gewerbebau<\/li>\n<li>Altbau : Modernisierung, Denkmalpflege,\u00a0energetische Sanierung\u00a0ohne Zerst\u00f6rung\u00a0der Identit\u00e4t des Bestands<\/li>\n<li>Showrooms, Messest\u00e4nde<\/li>\n<li>Urbanistik \/ St\u00e4dtebau (PAP und PAG)\u00a0Urbaniste\/Am\u00e9nageur agr\u00e9e par l\u2018Etat du G.D. de Luxembourg<\/li>\n<li>Innenarchitektur<\/li>\n<\/ul>\n<h1>Expertise \/ Technik am Bau<\/h1>\n<ul>\n<li>Erstellung von (Schadens-, Wert-) Gutachten<\/li>\n<li>Beratung bei komplizierten Ausf\u00fchrungs-Details (Abdichtung, Flachdach, erdber\u00fchrte Bauteile, etc.)<\/li>\n<li>Baubegleitung<\/li>\n<li>Schadensanalyse,\u00a0 Ursachenforschung und Behebung<\/li>\n<li>\u201ecadastre vertical\u201c \/ morcellements<\/li>\n<\/ul>\n<h1>Energie<\/h1>\n<ul>\n<li>Energieberatung, inbesondere Erstellung der \u201econseils en \u00e9nergie\u201c f\u00fcr staatliche Zusch\u00fcsse<\/li>\n<li>Staatlicher zugelassener Experte f\u00fcr\u00a0Energiep\u00e4sse (Verbrauchs und Berechnung) f\u00fcr Wohn- und Nichtwohngeb\u00e4ude<\/li>\n<li>Antr\u00e4ge f\u00fcr Tiefenbohrungen (W\u00e4rmepumpe), demandes \u201ecommodo-incommodo\u201c<\/li>\n<li>Experte f\u00fcr Passiv-, Null- und Plusenenergieh\u00e4user\u00a0dies sowohl f\u00fcr Konstruktion wie Haustechnik*, Berechnungen linearer W\u00e4rmebr\u00fccken\u00a0(*d.h.: Haustechnik kann integral vom B\u00fcro mitgeplant, ausgeschrieben und \u00fcberwacht werden)<\/li>\n<li>Mitglied der Arbeitsgruppe der lux. Architektenkammer OAI &#8222;Energiepass \/ CEP&#8220;\u00a0(= membre du groupe de travail CEP \/ OAI)<\/li>\n<li>staatl. zertifizierter Experte im Rahmen das \u00ab carnet de l\u2019habitat \u00bb\u00a0und \u00ab LUNAZ \u00bb Luxemburger Nachhaltigkeitszertifizierung<\/li>\n<li>&#8222;LUNAZ&#8220; (<span style=\"text-decoration: underline;\"><b>Lu<\/b><\/span>xemburger <span style=\"text-decoration: underline;\"><strong>Na<\/strong><\/span>chhaltigkeits-<span style=\"text-decoration: underline;\"><b>Z<\/b><\/span>ertifizierung):\u00a0das kommende, bzw. das bestehende abl\u00f6sende,\u00a0staatl. Programm zur Subvention der Nachhaltigkeit\u00a0von Geb\u00e4ude-Neu- und Altbauten.<\/li>\n<\/ul>\n","protected":false},"excerpt":{"rendered":"<p>Bau \/ Architektur Neubau : Wohnungs- und Gewerbebau Altbau : Modernisierung, Denkmalpflege,\u00a0energetische Sanierung\u00a0ohne Zerst\u00f6rung\u00a0der Identit\u00e4t des Bestands Showrooms, Messest\u00e4nde Urbanistik \/ St\u00e4dtebau (PAP und PAG)\u00a0Urbaniste\/Am\u00e9nageur agr\u00e9e par l\u2018Etat du G.D. de Luxembourg Innenarchitektur Expertise \/ Technik am Bau Erstellung von (Schadens-, Wert-) Gutachten Beratung bei komplizierten Ausf\u00fchrungs-Details (Abdichtung, Flachdach, erdber\u00fchrte Bauteile, etc.) Baubegleitung Schadensanalyse,\u00a0 Ursachenforschung &hellip; <\/p>\n<p class=\"link-more\"><a href=\"https:\/\/paschu.com\/wordpress\/leistungen\/\" class=\"more-link\"><span class=\"screen-reader-text\">\u201eLeistungen\u201c<\/span> weiterlesen<\/a><\/p>\n","protected":false},"author":1,"featured_media":0,"parent":0,"menu_order":2,"comment_status":"closed","ping_status":"closed","template":"","meta":{"footnotes":""},"class_list":["post-153","page","type-page","status-publish","hentry"],"_links":{"self":[{"href":"https:\/\/paschu.com\/wordpress\/wp-json\/wp\/v2\/pages\/153","targetHints":{"allow":["GET"]}}],"collection":[{"href":"https:\/\/paschu.com\/wordpress\/wp-json\/wp\/v2\/pages"}],"about":[{"href":"https:\/\/paschu.com\/wordpress\/wp-json\/wp\/v2\/types\/page"}],"author":[{"embeddable":true,"href":"https:\/\/paschu.com\/wordpress\/wp-json\/wp\/v2\/users\/1"}],"replies":[{"embeddable":true,"href":"https:\/\/paschu.com\/wordpress\/wp-json\/wp\/v2\/comments?post=153"}],"version-history":[{"count":18,"href":"https:\/\/paschu.com\/wordpress\/wp-json\/wp\/v2\/pages\/153\/revisions"}],"predecessor-version":[{"id":832,"href":"https:\/\/paschu.com\/wordpress\/wp-json\/wp\/v2\/pages\/153\/revisions\/832"}],"wp:attachment":[{"href":"https:\/\/paschu.com\/wordpress\/wp-json\/wp\/v2\/media?parent=153"}],"curies":[{"name":"wp","href":"https:\/\/api.w.org\/{rel}","templated":true}]}}