{"id":779,"date":"2014-01-02T17:55:55","date_gmt":"2014-01-02T15:55:55","guid":{"rendered":"http:\/\/paschu.com\/wordpress\/?page_id=779"},"modified":"2022-08-16T21:41:22","modified_gmt":"2022-08-16T19:41:22","slug":"accueil-fr","status":"publish","type":"page","link":"https:\/\/paschu.com\/wordpress\/fr\/","title":{"rendered":"Accueil"},"content":{"rendered":"\n<pre class=\"wp-block-preformatted\">pa schu\nArchitecte, Ing\u00e9nieur dipl\u00f4m\u00e9,\nUrbaniste-Am\u00e9nageur\nconseiller en \u00e9nergie, agr\u00e9\u00e9 par l\u2019\u00e9tat (n\u00b0 OA\/2017\/348)\npasseports \u00e9nerg\u00e9tiques (CPE\u2013H)\ncertification \u00ab LENOZ \u00bb*\n*L\u00ebtzebuerger Nohalteegkeets Zertifiz\u00e9ierung fir Wunngebaier\nmyenergy certified<\/pre>\n","protected":false},"excerpt":{"rendered":"<p>pa schu Architecte, Ing\u00e9nieur dipl\u00f4m\u00e9, Urbaniste-Am\u00e9nageur conseiller en \u00e9nergie, agr\u00e9\u00e9 par l\u2019\u00e9tat (n\u00b0 OA\/2017\/348) passeports \u00e9nerg\u00e9tiques (CPE\u2013H) certification \u00ab LENOZ \u00bb* *L\u00ebtzebuerger Nohalteegkeets Zertifiz\u00e9ierung fir Wunngebaier myenergy certified<\/p>\n","protected":false},"author":2,"featured_media":0,"parent":0,"menu_order":0,"comment_status":"closed","ping_status":"closed","template":"","meta":{"footnotes":""},"class_list":["post-779","page","type-page","status-publish","hentry"],"_links":{"self":[{"href":"https:\/\/paschu.com\/wordpress\/fr\/wp-json\/wp\/v2\/pages\/779\/"}],"collection":[{"href":"https:\/\/paschu.com\/wordpress\/fr\/wp-json\/wp\/v2\/pages\/"}],"about":[{"href":"https:\/\/paschu.com\/wordpress\/fr\/wp-json\/wp\/v2\/types\/page\/"}],"author":[{"embeddable":true,"href":"https:\/\/paschu.com\/wordpress\/fr\/wp-json\/wp\/v2\/users\/2\/"}],"replies":[{"embeddable":true,"href":"https:\/\/paschu.com\/wordpress\/fr\/wp-json\/wp\/v2\/comments\/?post=779"}],"version-history":[{"count":3,"href":"https:\/\/paschu.com\/wordpress\/fr\/wp-json\/wp\/v2\/pages\/779\/revisions\/"}],"predecessor-version":[{"id":2215,"href":"https:\/\/paschu.com\/wordpress\/fr\/wp-json\/wp\/v2\/pages\/779\/revisions\/2215\/"}],"wp:attachment":[{"href":"https:\/\/paschu.com\/wordpress\/fr\/wp-json\/wp\/v2\/media\/?parent=779"}],"curies":[{"name":"wp","href":"https:\/\/api.w.org\/{rel}","templated":true}]}}